{"id":26029,"date":"2023-10-11T04:34:21","date_gmt":"2023-10-11T07:34:21","guid":{"rendered":"https:\/\/cecapro-alberdi.com\/?post_type=product&#038;p=26029"},"modified":"2025-05-28T18:43:29","modified_gmt":"2025-05-28T21:43:29","slug":"curso-de-habeas-data-y-desafectacion-de-firmas","status":"publish","type":"product","link":"https:\/\/cecapro-alberdi.com\/index.php\/producto\/curso-de-habeas-data-y-desafectacion-de-firmas\/","title":{"rendered":"Curso de Habeas Data y Desafectaci\u00f3n de Firmas"},"content":{"rendered":"<p style=\"text-align: center;\"><strong>Curso Corto de Habeas Data y Desafectaci\u00f3n de Firmas<\/strong><\/p>\n<p>Este Curso de Pr\u00e1ctica Profesional aborda los Procesos Constitucionales, en particular, el Habeas Data y desafectaci\u00f3n de firmas. Se encuentra dirigido tanto a j\u00f3venes profesionales como estudiantes de derechos que quieran adquirir las herramientas necesarias para el ejercicio profesional en el \u00e1rea mencionada. El Curso consta de 6 videos cortos, material en pdf, modelos de escritos y jurisprudencia relativa a la tem\u00e1tica.<\/p>\n<p>En concreto, el Curso aborda los siguientes temas:<\/p>\n<ul>\n<li>Marco normativo. Principios relativos a la protecci\u00f3n de datos contemplados en la Ley de Protecci\u00f3n de Datos Personales.<\/li>\n<li>Derechos de los titulares de Datos.<\/li>\n<li>Tramite extrajudicial y judicial de Habeas data<\/li>\n<li>Desafectaci\u00f3n de firmas. Tr\u00e1mite.<\/li>\n<li>Caso especial. Secuestro de historia cl\u00ednica.<\/li>\n<li>Confecci\u00f3n de Demanda de Habeas Data.<\/li>\n<li>Casos pr\u00e1cticos basados en jurisprudencia.<\/li>\n<\/ul>\n<p>Adem\u00e1s, incluye archivos en pdf con material de estudio, modelos de escritos, como tambi\u00e9n, varios fallos jurisprudenciales relativos a la materia en an\u00e1lisis<\/p>\n","protected":false},"excerpt":{"rendered":"<p style=\"text-align: center;\"><strong>Curso Corto de Habeas Data y Desafectaci\u00f3n de Firmas<\/strong><\/p>\n<p>Este Curso de Pr\u00e1ctica Profesional aborda los Procesos Constitucionales, en particular, el Habeas Data y desafectaci\u00f3n de firmas. Se encuentra dirigido tanto a j\u00f3venes profesionales como estudiantes de derechos que quieran adquirir las herramientas necesarias para el ejercicio profesional en el \u00e1rea mencionada. El Curso consta de 6 videos cortos, material en pdf, modelos de escritos y jurisprudencia relativa a la tem\u00e1tica.<\/p>\n","protected":false},"featured_media":26780,"comment_status":"open","ping_status":"closed","template":"","meta":{"site-sidebar-layout":"default","site-content-layout":"","ast-site-content-layout":"default","site-content-style":"default","site-sidebar-style":"default","ast-global-header-display":"","ast-banner-title-visibility":"","ast-main-header-display":"","ast-hfb-above-header-display":"","ast-hfb-below-header-display":"","ast-hfb-mobile-header-display":"","site-post-title":"","ast-breadcrumbs-content":"","ast-featured-img":"","footer-sml-layout":"","theme-transparent-header-meta":"default","adv-header-id-meta":"","stick-header-meta":"","header-above-stick-meta":"","header-main-stick-meta":"","header-below-stick-meta":"","astra-migrate-meta-layouts":"set","ast-page-background-enabled":"default","ast-page-background-meta":{"desktop":{"background-color":"","background-image":"","background-repeat":"repeat","background-position":"center center","background-size":"auto","background-attachment":"scroll","background-type":"","background-media":"","overlay-type":"","overlay-color":"","overlay-gradient":""},"tablet":{"background-color":"","background-image":"","background-repeat":"repeat","background-position":"center center","background-size":"auto","background-attachment":"scroll","background-type":"","background-media":"","overlay-type":"","overlay-color":"","overlay-gradient":""},"mobile":{"background-color":"","background-image":"","background-repeat":"repeat","background-position":"center center","background-size":"auto","background-attachment":"scroll","background-type":"","background-media":"","overlay-type":"","overlay-color":"","overlay-gradient":""}},"ast-content-background-meta":{"desktop":{"background-color":"var(--ast-global-color-5)","background-image":"","background-repeat":"repeat","background-position":"center center","background-size":"auto","background-attachment":"scroll","background-type":"","background-media":"","overlay-type":"","overlay-color":"","overlay-gradient":""},"tablet":{"background-color":"var(--ast-global-color-5)","background-image":"","background-repeat":"repeat","background-position":"center center","background-size":"auto","background-attachment":"scroll","background-type":"","background-media":"","overlay-type":"","overlay-color":"","overlay-gradient":""},"mobile":{"background-color":"var(--ast-global-color-5)","background-image":"","background-repeat":"repeat","background-position":"center center","background-size":"auto","background-attachment":"scroll","background-type":"","background-media":"","overlay-type":"","overlay-color":"","overlay-gradient":""}}},"product_cat":[29],"product_tag":[],"_links":{"self":[{"href":"https:\/\/cecapro-alberdi.com\/index.php\/wp-json\/wp\/v2\/product\/26029"}],"collection":[{"href":"https:\/\/cecapro-alberdi.com\/index.php\/wp-json\/wp\/v2\/product"}],"about":[{"href":"https:\/\/cecapro-alberdi.com\/index.php\/wp-json\/wp\/v2\/types\/product"}],"replies":[{"embeddable":true,"href":"https:\/\/cecapro-alberdi.com\/index.php\/wp-json\/wp\/v2\/comments?post=26029"}],"wp:featuredmedia":[{"embeddable":true,"href":"https:\/\/cecapro-alberdi.com\/index.php\/wp-json\/wp\/v2\/media\/26780"}],"wp:attachment":[{"href":"https:\/\/cecapro-alberdi.com\/index.php\/wp-json\/wp\/v2\/media?parent=26029"}],"wp:term":[{"taxonomy":"product_cat","embeddable":true,"href":"https:\/\/cecapro-alberdi.com\/index.php\/wp-json\/wp\/v2\/product_cat?post=26029"},{"taxonomy":"product_tag","embeddable":true,"href":"https:\/\/cecapro-alberdi.com\/index.php\/wp-json\/wp\/v2\/product_tag?post=26029"}],"curies":[{"name":"wp","href":"https:\/\/api.w.org\/{rel}","templated":true}]}}