{"id":26025,"date":"2023-10-11T04:10:24","date_gmt":"2023-10-11T07:10:24","guid":{"rendered":"https:\/\/cecapro-alberdi.com\/?post_type=product&#038;p=26025"},"modified":"2025-05-28T18:44:56","modified_gmt":"2025-05-28T21:44:56","slug":"curso-elementos-de-procedencia-de-la-responsabilidad-civil","status":"publish","type":"product","link":"https:\/\/cecapro-alberdi.com\/index.php\/producto\/curso-elementos-de-procedencia-de-la-responsabilidad-civil\/","title":{"rendered":"Curso Elementos de Procedencia de la Responsabilidad Civil"},"content":{"rendered":"<p style=\"text-align: center;\"><strong>Curso Corto &#8211; Elementos de Procedencia de la Responsabilidad Civil<\/strong><\/p>\n<p>Este Curso de Pr\u00e1ctica Profesional aborda el Derecho de Da\u00f1os, en particular, el tema \u00abElementos de Procedencia de la Responsabilidad Civil\u00bb y se encuentra dirigido tanto a j\u00f3venes profesionales como estudiantes de derechos que quieran adquirir las herramientas necesarias para el ejercicio profesional en el \u00e1rea mencionada. El Curso consta de 5 videos cortos, material en pdf, modelos de escritos y jurisprudencia relativa a la tem\u00e1tica.<\/p>\n<p>En concreto, el Curso aborda los siguientes temas:<br \/>\n&#8211; Conducta Antijur\u00eddica.<br \/>\n&#8211; Relaci\u00f3n de Causalidad y da\u00f1o.<br \/>\n&#8211; Factor de Atribuci\u00f3n.<br \/>\n&#8211; Rubros Indemnizables en casos de siniestros viales.<br \/>\n&#8211; Incapacidad.<\/p>\n<p>Adem\u00e1s, incluye archivos en pdf con material de estudio, modelos de escritos, como tambi\u00e9n, varios fallos jurisprudenciales relativos a la materia en an\u00e1lisis<\/p>\n","protected":false},"excerpt":{"rendered":"<p style=\"text-align: center;\"><strong>Curso Corto &#8211; Elementos de Procedencia de la Responsabilidad Civil<\/strong><\/p>\n<p>Este Curso de Pr\u00e1ctica Profesional aborda el Derecho de Da\u00f1os, en particular, el tema \u00abElementos de Procedencia de la Responsabilidad Civil\u00bb y se encuentra dirigido tanto a j\u00f3venes profesionales como estudiantes de derechos que quieran adquirir las herramientas necesarias para el ejercicio profesional en el \u00e1rea mencionada. El Curso consta de 5 videos cortos, material en pdf, modelos de escritos y jurisprudencia relativa a la tem\u00e1tica.<\/p>\n","protected":false},"featured_media":26782,"comment_status":"open","ping_status":"closed","template":"","meta":{"site-sidebar-layout":"default","site-content-layout":"","ast-site-content-layout":"default","site-content-style":"default","site-sidebar-style":"default","ast-global-header-display":"","ast-banner-title-visibility":"","ast-main-header-display":"","ast-hfb-above-header-display":"","ast-hfb-below-header-display":"","ast-hfb-mobile-header-display":"","site-post-title":"","ast-breadcrumbs-content":"","ast-featured-img":"","footer-sml-layout":"","theme-transparent-header-meta":"default","adv-header-id-meta":"","stick-header-meta":"","header-above-stick-meta":"","header-main-stick-meta":"","header-below-stick-meta":"","astra-migrate-meta-layouts":"set","ast-page-background-enabled":"default","ast-page-background-meta":{"desktop":{"background-color":"","background-image":"","background-repeat":"repeat","background-position":"center center","background-size":"auto","background-attachment":"scroll","background-type":"","background-media":"","overlay-type":"","overlay-color":"","overlay-gradient":""},"tablet":{"background-color":"","background-image":"","background-repeat":"repeat","background-position":"center center","background-size":"auto","background-attachment":"scroll","background-type":"","background-media":"","overlay-type":"","overlay-color":"","overlay-gradient":""},"mobile":{"background-color":"","background-image":"","background-repeat":"repeat","background-position":"center center","background-size":"auto","background-attachment":"scroll","background-type":"","background-media":"","overlay-type":"","overlay-color":"","overlay-gradient":""}},"ast-content-background-meta":{"desktop":{"background-color":"var(--ast-global-color-5)","background-image":"","background-repeat":"repeat","background-position":"center center","background-size":"auto","background-attachment":"scroll","background-type":"","background-media":"","overlay-type":"","overlay-color":"","overlay-gradient":""},"tablet":{"background-color":"var(--ast-global-color-5)","background-image":"","background-repeat":"repeat","background-position":"center center","background-size":"auto","background-attachment":"scroll","background-type":"","background-media":"","overlay-type":"","overlay-color":"","overlay-gradient":""},"mobile":{"background-color":"var(--ast-global-color-5)","background-image":"","background-repeat":"repeat","background-position":"center center","background-size":"auto","background-attachment":"scroll","background-type":"","background-media":"","overlay-type":"","overlay-color":"","overlay-gradient":""}}},"product_cat":[29],"product_tag":[],"_links":{"self":[{"href":"https:\/\/cecapro-alberdi.com\/index.php\/wp-json\/wp\/v2\/product\/26025"}],"collection":[{"href":"https:\/\/cecapro-alberdi.com\/index.php\/wp-json\/wp\/v2\/product"}],"about":[{"href":"https:\/\/cecapro-alberdi.com\/index.php\/wp-json\/wp\/v2\/types\/product"}],"replies":[{"embeddable":true,"href":"https:\/\/cecapro-alberdi.com\/index.php\/wp-json\/wp\/v2\/comments?post=26025"}],"wp:featuredmedia":[{"embeddable":true,"href":"https:\/\/cecapro-alberdi.com\/index.php\/wp-json\/wp\/v2\/media\/26782"}],"wp:attachment":[{"href":"https:\/\/cecapro-alberdi.com\/index.php\/wp-json\/wp\/v2\/media?parent=26025"}],"wp:term":[{"taxonomy":"product_cat","embeddable":true,"href":"https:\/\/cecapro-alberdi.com\/index.php\/wp-json\/wp\/v2\/product_cat?post=26025"},{"taxonomy":"product_tag","embeddable":true,"href":"https:\/\/cecapro-alberdi.com\/index.php\/wp-json\/wp\/v2\/product_tag?post=26025"}],"curies":[{"name":"wp","href":"https:\/\/api.w.org\/{rel}","templated":true}]}}