{"id":25848,"date":"2023-09-29T08:11:50","date_gmt":"2023-09-29T11:11:50","guid":{"rendered":"https:\/\/cecapro-alberdi.com\/?post_type=product&#038;p=25848"},"modified":"2025-05-28T18:47:58","modified_gmt":"2025-05-28T21:47:58","slug":"curso-de-mediacion-proceso-de-familia","status":"publish","type":"product","link":"https:\/\/cecapro-alberdi.com\/index.php\/producto\/curso-de-mediacion-proceso-de-familia\/","title":{"rendered":"Curso de Mediaci\u00f3n: Proceso de Familia"},"content":{"rendered":"<p style=\"text-align: center;\"><strong>Curso Corto de Pr\u00e1ctica Profesional en Mediaci\u00f3n: Proceso de Familia<\/strong><\/p>\n<p>Este Curso de Pr\u00e1ctica Profesional aborda el Derecho de Familia, en particular, el tema \u00abMediaci\u00f3n: Proceso de Familia\u00bb y se encuentra dirigido tanto a j\u00f3venes profesionales como estudiantes de derechos que quieran adquirir las herramientas necesarias para el ejercicio profesional en el \u00e1rea mencionada. El Curso consta de 7 videos cortos, material en pdf, modelos de escritos y jurisprudencia relativa a la tem\u00e1tica.<\/p>\n<p>En concreto, el Curso aborda los siguientes temas:<br \/>\n&#8211; Aspectos Generales<br \/>\n&#8211; Principales reformas del CCyCN<br \/>\n&#8211; Alimento entre parientes<br \/>\n&#8211; Alimentos. Ejecuci\u00f3n.<br \/>\n&#8211; Homologaci\u00f3n<br \/>\n&#8211; Homologaci\u00f3n de convenio<\/p>\n<p>Adem\u00e1s, incluye archivos en pdf con material de estudio,modelos de escritos, como tambi\u00e9n, varios fallos jurisprudenciales relativos a la materia en an\u00e1lisis<\/p>\n","protected":false},"excerpt":{"rendered":"<p style=\"text-align: center;\"><strong>Curso Corto de Pr\u00e1ctica Profesional en Mediaci\u00f3n: Proceso de Familia<\/strong><\/p>\n<p>Este Curso de Pr\u00e1ctica Profesional aborda el Derecho de Familia, en particular, el tema \u00abMediaci\u00f3n: Proceso de Familia\u00bb y se encuentra dirigido tanto a j\u00f3venes profesionales como estudiantes de derechos que quieran adquirir las herramientas necesarias para el ejercicio profesional en el \u00e1rea mencionada. El Curso consta de 7 videos cortos, material en pdf, modelos de escritos y jurisprudencia relativa a la tem\u00e1tica.<\/p>\n","protected":false},"featured_media":26783,"comment_status":"open","ping_status":"closed","template":"","meta":{"site-sidebar-layout":"default","site-content-layout":"","ast-site-content-layout":"default","site-content-style":"default","site-sidebar-style":"default","ast-global-header-display":"","ast-banner-title-visibility":"","ast-main-header-display":"","ast-hfb-above-header-display":"","ast-hfb-below-header-display":"","ast-hfb-mobile-header-display":"","site-post-title":"","ast-breadcrumbs-content":"","ast-featured-img":"","footer-sml-layout":"","theme-transparent-header-meta":"default","adv-header-id-meta":"","stick-header-meta":"","header-above-stick-meta":"","header-main-stick-meta":"","header-below-stick-meta":"","astra-migrate-meta-layouts":"set","ast-page-background-enabled":"default","ast-page-background-meta":{"desktop":{"background-color":"","background-image":"","background-repeat":"repeat","background-position":"center center","background-size":"auto","background-attachment":"scroll","background-type":"","background-media":"","overlay-type":"","overlay-color":"","overlay-gradient":""},"tablet":{"background-color":"","background-image":"","background-repeat":"repeat","background-position":"center center","background-size":"auto","background-attachment":"scroll","background-type":"","background-media":"","overlay-type":"","overlay-color":"","overlay-gradient":""},"mobile":{"background-color":"","background-image":"","background-repeat":"repeat","background-position":"center center","background-size":"auto","background-attachment":"scroll","background-type":"","background-media":"","overlay-type":"","overlay-color":"","overlay-gradient":""}},"ast-content-background-meta":{"desktop":{"background-color":"var(--ast-global-color-5)","background-image":"","background-repeat":"repeat","background-position":"center center","background-size":"auto","background-attachment":"scroll","background-type":"","background-media":"","overlay-type":"","overlay-color":"","overlay-gradient":""},"tablet":{"background-color":"var(--ast-global-color-5)","background-image":"","background-repeat":"repeat","background-position":"center center","background-size":"auto","background-attachment":"scroll","background-type":"","background-media":"","overlay-type":"","overlay-color":"","overlay-gradient":""},"mobile":{"background-color":"var(--ast-global-color-5)","background-image":"","background-repeat":"repeat","background-position":"center center","background-size":"auto","background-attachment":"scroll","background-type":"","background-media":"","overlay-type":"","overlay-color":"","overlay-gradient":""}}},"product_cat":[29],"product_tag":[],"_links":{"self":[{"href":"https:\/\/cecapro-alberdi.com\/index.php\/wp-json\/wp\/v2\/product\/25848"}],"collection":[{"href":"https:\/\/cecapro-alberdi.com\/index.php\/wp-json\/wp\/v2\/product"}],"about":[{"href":"https:\/\/cecapro-alberdi.com\/index.php\/wp-json\/wp\/v2\/types\/product"}],"replies":[{"embeddable":true,"href":"https:\/\/cecapro-alberdi.com\/index.php\/wp-json\/wp\/v2\/comments?post=25848"}],"wp:featuredmedia":[{"embeddable":true,"href":"https:\/\/cecapro-alberdi.com\/index.php\/wp-json\/wp\/v2\/media\/26783"}],"wp:attachment":[{"href":"https:\/\/cecapro-alberdi.com\/index.php\/wp-json\/wp\/v2\/media?parent=25848"}],"wp:term":[{"taxonomy":"product_cat","embeddable":true,"href":"https:\/\/cecapro-alberdi.com\/index.php\/wp-json\/wp\/v2\/product_cat?post=25848"},{"taxonomy":"product_tag","embeddable":true,"href":"https:\/\/cecapro-alberdi.com\/index.php\/wp-json\/wp\/v2\/product_tag?post=25848"}],"curies":[{"name":"wp","href":"https:\/\/api.w.org\/{rel}","templated":true}]}}