{"id":25752,"date":"2023-09-28T12:53:00","date_gmt":"2023-09-28T15:53:00","guid":{"rendered":"https:\/\/cecapro-alberdi.com\/?post_type=product&#038;p=25752"},"modified":"2025-05-28T18:56:09","modified_gmt":"2025-05-28T21:56:09","slug":"curso-de-filiacion","status":"publish","type":"product","link":"https:\/\/cecapro-alberdi.com\/index.php\/producto\/curso-de-filiacion\/","title":{"rendered":"Curso de Filiaci\u00f3n"},"content":{"rendered":"<p style=\"text-align: center;\"><strong>Curso Corto de Pr\u00e1ctica Profesional en Filiaci\u00f3n<\/strong><\/p>\n<p>Este Curso de Pr\u00e1ctica Profesional aborda el Derecho de Familia, en particular, el tema \u00abFiliaci\u00f3n\u00bb y se encuentra dirigido tanto a j\u00f3venes profesionales como estudiantes de derechos que quieran adquirir las herramientas necesarias para el ejercicio profesional en el \u00e1rea mencionada. El Curso consta de 6 videos cortos, material en pdf, modelos de escritos y jurisprudencia relativa a la tem\u00e1tica.<\/p>\n<p>En concreto, el Curso aborda los siguientes temas:<br \/>\n&#8211; Filiaci\u00f3n. Presupuestos.<br \/>\n&#8211; Inicio de la acci\u00f3n de filiaci\u00f3n<br \/>\n&#8211; Reconocimiento. Distintos supuestos<br \/>\n&#8211; Filiaci\u00f3n. Prueba gen\u00e9tica<br \/>\n&#8211; Filiaci\u00f3n. Etapas procesales y sentencia<br \/>\n&#8211; Filiaci\u00f3n. Acci\u00f3n de Impugnaci\u00f3n<\/p>\n<p>Adem\u00e1s, incluye archivos en pdf con material de estudio, modelos de escritos, como tambi\u00e9n, varios fallos jurisprudenciales relativos a la materia en an\u00e1lisis<\/p>\n","protected":false},"excerpt":{"rendered":"<p style=\"text-align: center;\"><strong>Curso Corto de Pr\u00e1ctica Profesional en Filiaci\u00f3n<\/strong><\/p>\n<p>Este Curso de Pr\u00e1ctica Profesional aborda el Derecho de Familia, en particular, el tema \u00abFiliaci\u00f3n\u00bb y se encuentra dirigido tanto a j\u00f3venes profesionales como estudiantes de derechos que quieran adquirir las herramientas necesarias para el ejercicio profesional en el \u00e1rea mencionada. El Curso consta de 6 videos cortos, material en pdf, modelos de escritos y jurisprudencia relativa a la tem\u00e1tica.<\/p>\n","protected":false},"featured_media":26784,"comment_status":"open","ping_status":"closed","template":"","meta":{"site-sidebar-layout":"default","site-content-layout":"","ast-site-content-layout":"default","site-content-style":"default","site-sidebar-style":"default","ast-global-header-display":"","ast-banner-title-visibility":"","ast-main-header-display":"","ast-hfb-above-header-display":"","ast-hfb-below-header-display":"","ast-hfb-mobile-header-display":"","site-post-title":"","ast-breadcrumbs-content":"","ast-featured-img":"","footer-sml-layout":"","theme-transparent-header-meta":"default","adv-header-id-meta":"","stick-header-meta":"","header-above-stick-meta":"","header-main-stick-meta":"","header-below-stick-meta":"","astra-migrate-meta-layouts":"set","ast-page-background-enabled":"default","ast-page-background-meta":{"desktop":{"background-color":"","background-image":"","background-repeat":"repeat","background-position":"center center","background-size":"auto","background-attachment":"scroll","background-type":"","background-media":"","overlay-type":"","overlay-color":"","overlay-gradient":""},"tablet":{"background-color":"","background-image":"","background-repeat":"repeat","background-position":"center center","background-size":"auto","background-attachment":"scroll","background-type":"","background-media":"","overlay-type":"","overlay-color":"","overlay-gradient":""},"mobile":{"background-color":"","background-image":"","background-repeat":"repeat","background-position":"center center","background-size":"auto","background-attachment":"scroll","background-type":"","background-media":"","overlay-type":"","overlay-color":"","overlay-gradient":""}},"ast-content-background-meta":{"desktop":{"background-color":"var(--ast-global-color-5)","background-image":"","background-repeat":"repeat","background-position":"center center","background-size":"auto","background-attachment":"scroll","background-type":"","background-media":"","overlay-type":"","overlay-color":"","overlay-gradient":""},"tablet":{"background-color":"var(--ast-global-color-5)","background-image":"","background-repeat":"repeat","background-position":"center center","background-size":"auto","background-attachment":"scroll","background-type":"","background-media":"","overlay-type":"","overlay-color":"","overlay-gradient":""},"mobile":{"background-color":"var(--ast-global-color-5)","background-image":"","background-repeat":"repeat","background-position":"center center","background-size":"auto","background-attachment":"scroll","background-type":"","background-media":"","overlay-type":"","overlay-color":"","overlay-gradient":""}}},"product_cat":[29],"product_tag":[],"_links":{"self":[{"href":"https:\/\/cecapro-alberdi.com\/index.php\/wp-json\/wp\/v2\/product\/25752"}],"collection":[{"href":"https:\/\/cecapro-alberdi.com\/index.php\/wp-json\/wp\/v2\/product"}],"about":[{"href":"https:\/\/cecapro-alberdi.com\/index.php\/wp-json\/wp\/v2\/types\/product"}],"replies":[{"embeddable":true,"href":"https:\/\/cecapro-alberdi.com\/index.php\/wp-json\/wp\/v2\/comments?post=25752"}],"wp:featuredmedia":[{"embeddable":true,"href":"https:\/\/cecapro-alberdi.com\/index.php\/wp-json\/wp\/v2\/media\/26784"}],"wp:attachment":[{"href":"https:\/\/cecapro-alberdi.com\/index.php\/wp-json\/wp\/v2\/media?parent=25752"}],"wp:term":[{"taxonomy":"product_cat","embeddable":true,"href":"https:\/\/cecapro-alberdi.com\/index.php\/wp-json\/wp\/v2\/product_cat?post=25752"},{"taxonomy":"product_tag","embeddable":true,"href":"https:\/\/cecapro-alberdi.com\/index.php\/wp-json\/wp\/v2\/product_tag?post=25752"}],"curies":[{"name":"wp","href":"https:\/\/api.w.org\/{rel}","templated":true}]}}