{"id":25682,"date":"2023-09-27T17:07:14","date_gmt":"2023-09-27T20:07:14","guid":{"rendered":"https:\/\/cecapro-alberdi.com\/?post_type=product&#038;p=25682"},"modified":"2025-05-28T18:54:35","modified_gmt":"2025-05-28T21:54:35","slug":"curso-de-divorcio","status":"publish","type":"product","link":"https:\/\/cecapro-alberdi.com\/index.php\/producto\/curso-de-divorcio\/","title":{"rendered":"Curso de Divorcio"},"content":{"rendered":"<p style=\"text-align: center;\"><strong>Curso Corto de Pr\u00e1ctica Profesional en Divorcio<\/strong><\/p>\n<p>Este Curso de Pr\u00e1ctica Profesional aborda el Derecho de Familia, en particular, el tema \u00abDivorcio\u00bb y se encuentra dirigido tanto a j\u00f3venes profesionales como estudiantes de derechos que quieran adquirir las herramientas necesarias para el ejercicio profesional en el \u00e1rea mencionada. El Curso consta de 6 videos cortos, material en pdf, modelos de escritos y jurisprudencia relativa a la tem\u00e1tica.<\/p>\n<p>En concreto, el Curso aborda los siguientes temas:<br \/>\n&#8211; Entrevista con el cliente<br \/>\n&#8211; Matrimonio. Convenciones Patrimoniales<br \/>\n&#8211; Medidas Provisionales<br \/>\n&#8211; Divorcio. Etapas Procesales.<br \/>\n&#8211; Liquidaci\u00f3n de Sociedad Conyugal<\/p>\n<p>Adem\u00e1s, incluye archivos en pdf con material de estudio, m\u00e1s de (20) modelos de escritos entre los cuales se puede mencionar: demanda de divorcio, incidente por alimentos, demanda de alimentos, convenio por compensaci\u00f3n econ\u00f3mica, Demanda por atribuci\u00f3n del hogar con medida cautelar, contestaci\u00f3n de demanda de divorcio, etc., como tambi\u00e9n, varios fallos jurisprudenciales relativos a la materia en an\u00e1lisis<\/p>\n","protected":false},"excerpt":{"rendered":"<p style=\"text-align: center;\"><strong>Curso Corto de Pr\u00e1ctica Profesional en Divorcio<\/strong><\/p>\n<p>Este Curso de Pr\u00e1ctica Profesional aborda el Derecho de Familia, en particular, el tema \u00abDivorcio\u00bb y se encuentra dirigido tanto a j\u00f3venes profesionales como estudiantes de derechos que quieran adquirir las herramientas necesarias para el ejercicio profesional en el \u00e1rea mencionada. El Curso consta de 6 videos cortos, material en pdf, modelos de escritos y jurisprudencia relativa a la tem\u00e1tica.<\/p>\n","protected":false},"featured_media":26785,"comment_status":"open","ping_status":"closed","template":"","meta":{"site-sidebar-layout":"default","site-content-layout":"","ast-site-content-layout":"default","site-content-style":"default","site-sidebar-style":"default","ast-global-header-display":"","ast-banner-title-visibility":"","ast-main-header-display":"","ast-hfb-above-header-display":"","ast-hfb-below-header-display":"","ast-hfb-mobile-header-display":"","site-post-title":"","ast-breadcrumbs-content":"","ast-featured-img":"","footer-sml-layout":"","theme-transparent-header-meta":"default","adv-header-id-meta":"","stick-header-meta":"","header-above-stick-meta":"","header-main-stick-meta":"","header-below-stick-meta":"","astra-migrate-meta-layouts":"set","ast-page-background-enabled":"default","ast-page-background-meta":{"desktop":{"background-color":"","background-image":"","background-repeat":"repeat","background-position":"center center","background-size":"auto","background-attachment":"scroll","background-type":"","background-media":"","overlay-type":"","overlay-color":"","overlay-gradient":""},"tablet":{"background-color":"","background-image":"","background-repeat":"repeat","background-position":"center center","background-size":"auto","background-attachment":"scroll","background-type":"","background-media":"","overlay-type":"","overlay-color":"","overlay-gradient":""},"mobile":{"background-color":"","background-image":"","background-repeat":"repeat","background-position":"center center","background-size":"auto","background-attachment":"scroll","background-type":"","background-media":"","overlay-type":"","overlay-color":"","overlay-gradient":""}},"ast-content-background-meta":{"desktop":{"background-color":"var(--ast-global-color-5)","background-image":"","background-repeat":"repeat","background-position":"center center","background-size":"auto","background-attachment":"scroll","background-type":"","background-media":"","overlay-type":"","overlay-color":"","overlay-gradient":""},"tablet":{"background-color":"var(--ast-global-color-5)","background-image":"","background-repeat":"repeat","background-position":"center center","background-size":"auto","background-attachment":"scroll","background-type":"","background-media":"","overlay-type":"","overlay-color":"","overlay-gradient":""},"mobile":{"background-color":"var(--ast-global-color-5)","background-image":"","background-repeat":"repeat","background-position":"center center","background-size":"auto","background-attachment":"scroll","background-type":"","background-media":"","overlay-type":"","overlay-color":"","overlay-gradient":""}}},"product_cat":[29],"product_tag":[],"_links":{"self":[{"href":"https:\/\/cecapro-alberdi.com\/index.php\/wp-json\/wp\/v2\/product\/25682"}],"collection":[{"href":"https:\/\/cecapro-alberdi.com\/index.php\/wp-json\/wp\/v2\/product"}],"about":[{"href":"https:\/\/cecapro-alberdi.com\/index.php\/wp-json\/wp\/v2\/types\/product"}],"replies":[{"embeddable":true,"href":"https:\/\/cecapro-alberdi.com\/index.php\/wp-json\/wp\/v2\/comments?post=25682"}],"wp:featuredmedia":[{"embeddable":true,"href":"https:\/\/cecapro-alberdi.com\/index.php\/wp-json\/wp\/v2\/media\/26785"}],"wp:attachment":[{"href":"https:\/\/cecapro-alberdi.com\/index.php\/wp-json\/wp\/v2\/media?parent=25682"}],"wp:term":[{"taxonomy":"product_cat","embeddable":true,"href":"https:\/\/cecapro-alberdi.com\/index.php\/wp-json\/wp\/v2\/product_cat?post=25682"},{"taxonomy":"product_tag","embeddable":true,"href":"https:\/\/cecapro-alberdi.com\/index.php\/wp-json\/wp\/v2\/product_tag?post=25682"}],"curies":[{"name":"wp","href":"https:\/\/api.w.org\/{rel}","templated":true}]}}