{"id":25526,"date":"2023-09-22T13:02:20","date_gmt":"2023-09-22T16:02:20","guid":{"rendered":"https:\/\/cecapro-alberdi.com\/?post_type=product&#038;p=25526"},"modified":"2024-05-17T00:57:44","modified_gmt":"2024-05-17T03:57:44","slug":"pack-de-escritos-de-familia","status":"publish","type":"product","link":"https:\/\/cecapro-alberdi.com\/index.php\/producto\/pack-de-escritos-de-familia\/","title":{"rendered":"Pack de Escritos de Familia"},"content":{"rendered":"<p style=\"text-align: center;\"><b>Escritos Proceso de Familia<\/b><\/p>\n<p>Escritos Judiciales que te ayudaran a iniciar y desarrollar un Proceso de Familia. El archivo descargable contiene 12 carpetas con un total de 51 modelos de escritos. Los archivos se encuentran en formato word y son 100% modificables.<\/p>\n<p style=\"text-align: left;\">A continuaci\u00f3n detallamos los modelos de contratos que contiene el archivo descargable (En caso que no encuentres el archivo que buscas, record\u00e1 que puedes contactarte por WhatsApp o por Correo electr\u00f3nico y con gusto te facilitaremos el modelo que estas procurando)<\/p>\n<p><b><span data-contrast=\"auto\"><br \/>\nPack de Escritos de Familia<\/span><\/b><span data-ccp-props=\"{&quot;201341983&quot;:0,&quot;335551550&quot;:2,&quot;335551620&quot;:2,&quot;335559739&quot;:160,&quot;335559740&quot;:259}\">\u00a0<\/span><\/p>\n<p><b><span data-contrast=\"auto\">1.- Escrito de adopci\u00f3n y guarda<\/span><\/b><span data-ccp-props=\"{&quot;201341983&quot;:0,&quot;335559739&quot;:160,&quot;335559740&quot;:259}\">\u00a0<\/span><\/p>\n<p><span data-contrast=\"auto\">\u2981<\/span> <span data-contrast=\"auto\">Modelo de Demanda con fines de Adopci\u00f3n Plena.<\/span><span data-ccp-props=\"{&quot;201341983&quot;:0,&quot;335559739&quot;:160,&quot;335559740&quot;:259}\">\u00a0<\/span><\/p>\n<p><span data-contrast=\"auto\">\u2981<\/span> <span data-contrast=\"auto\">Modelo de Demanda de Adopci\u00f3n por Integraci\u00f3n.<\/span><span data-ccp-props=\"{&quot;201341983&quot;:0,&quot;335559739&quot;:160,&quot;335559740&quot;:259}\">\u00a0<\/span><\/p>\n<p><span data-contrast=\"auto\">\u2981<\/span> <span data-contrast=\"auto\">Modelo de demanda de Guarda con Fines Asistenciales.<\/span><span data-ccp-props=\"{&quot;201341983&quot;:0,&quot;335559739&quot;:160,&quot;335559740&quot;:259}\">\u00a0<\/span><\/p>\n<p><b><span data-contrast=\"auto\">2.- Escritos de Filiaci\u00f3n<\/span><\/b><span data-ccp-props=\"{&quot;201341983&quot;:0,&quot;335559739&quot;:160,&quot;335559740&quot;:259}\">\u00a0<\/span><\/p>\n<p><span data-contrast=\"auto\">\u2981<\/span> <span data-contrast=\"auto\">Modelo de Demanda de Impugnaci\u00f3n de Paternidad.<\/span><span data-ccp-props=\"{&quot;201341983&quot;:0,&quot;335559739&quot;:160,&quot;335559740&quot;:259}\">\u00a0<\/span><\/p>\n<p><span data-contrast=\"auto\">\u2981<\/span> <span data-contrast=\"auto\">Modelo de Filiaci\u00f3n Post Mortem.<\/span><span data-ccp-props=\"{&quot;201341983&quot;:0,&quot;335559739&quot;:160,&quot;335559740&quot;:259}\">\u00a0<\/span><\/p>\n<p><span data-contrast=\"auto\">\u2981<\/span> <span data-contrast=\"auto\">Modelo de Nulidad de Reconocimiento.<\/span><span data-ccp-props=\"{&quot;201341983&quot;:0,&quot;335559739&quot;:160,&quot;335559740&quot;:259}\">\u00a0<\/span><\/p>\n<p><span data-contrast=\"auto\">\u2981<\/span> <span data-contrast=\"auto\">Modelo de reclamaci\u00f3n de Filiaci\u00f3n extramatrimonial con alimentos Provisorios.<\/span><span data-ccp-props=\"{&quot;201341983&quot;:0,&quot;335559739&quot;:160,&quot;335559740&quot;:259}\">\u00a0<\/span><\/p>\n<p><span data-contrast=\"auto\">\u2981<\/span> <span data-contrast=\"auto\">Modelo de Reclamaci\u00f3n de Filiaci\u00f3n Extramatrimonial.<\/span><span data-ccp-props=\"{&quot;201341983&quot;:0,&quot;335559739&quot;:160,&quot;335559740&quot;:259}\">\u00a0<\/span><\/p>\n<p><b><span data-contrast=\"auto\">3.- Alimentos<\/span><\/b><span data-ccp-props=\"{&quot;201341983&quot;:0,&quot;335559739&quot;:160,&quot;335559740&quot;:259}\">\u00a0<\/span><\/p>\n<p><b><span data-contrast=\"auto\">3.1. Alimentos derivados de la solidaridad familiar<\/span><\/b><span data-ccp-props=\"{&quot;201341983&quot;:0,&quot;335559739&quot;:160,&quot;335559740&quot;:259}\">\u00a0<\/span><\/p>\n<p><span data-contrast=\"auto\">\u2981<\/span> <span data-contrast=\"auto\">Modelo Convenio sobre alimentos para los nietos menores de edad efectuado por sus abuelos.<\/span><span data-ccp-props=\"{&quot;201341983&quot;:0,&quot;335559739&quot;:160,&quot;335559740&quot;:259}\">\u00a0<\/span><\/p>\n<p><span data-contrast=\"auto\">\u2981<\/span> <span data-contrast=\"auto\">Modelo de Alimentos provisorios para los nietos menores solicitados conjuntamente con la demanda.<\/span><span data-ccp-props=\"{&quot;201341983&quot;:0,&quot;335559739&quot;:160,&quot;335559740&quot;:259}\">\u00a0<\/span><\/p>\n<p><span data-contrast=\"auto\">\u2981<\/span> <span data-contrast=\"auto\">Modelo de Aumento de cuota de alimentos correspondiente a los nietos menores de edad.<\/span><span data-ccp-props=\"{&quot;201341983&quot;:0,&quot;335559739&quot;:160,&quot;335559740&quot;:259}\">\u00a0<\/span><\/p>\n<p><span data-contrast=\"auto\">\u2981<\/span> <span data-contrast=\"auto\">Modelo de desplazamiento del reclamo hacia otro obligado alimentario (Contesta Demanda).<\/span><span data-ccp-props=\"{&quot;201341983&quot;:0,&quot;335559739&quot;:160,&quot;335559740&quot;:259}\">\u00a0<\/span><\/p>\n<p><span data-contrast=\"auto\">\u2981<\/span> <span data-contrast=\"auto\">Modelo Demanda de Alimentos contra el Progenitor y los Abuelos (en conjunto).<\/span><span data-ccp-props=\"{&quot;201341983&quot;:0,&quot;335559739&quot;:160,&quot;335559740&quot;:259}\">\u00a0<\/span><\/p>\n<p><span data-contrast=\"auto\">\u2981<\/span> <span data-contrast=\"auto\">Modelo Demanda de alimentos contra los abuelos.<\/span><span data-ccp-props=\"{&quot;201341983&quot;:0,&quot;335559739&quot;:160,&quot;335559740&quot;:259}\">\u00a0<\/span><\/p>\n<p>&nbsp;<\/p>\n<p><b><span data-contrast=\"auto\">3.2. Alimentos derivados del Ejercicio de la Responsabilidad Parental<\/span><\/b><span data-ccp-props=\"{&quot;201341983&quot;:0,&quot;335559739&quot;:160,&quot;335559740&quot;:259}\">\u00a0<\/span><\/p>\n<p><span data-contrast=\"auto\">\u2981<\/span> <span data-contrast=\"auto\">Modelo alimentante que solicita la disminuci\u00f3n de la cuota.<\/span><span data-ccp-props=\"{&quot;201341983&quot;:0,&quot;335559739&quot;:160,&quot;335559740&quot;:259}\">\u00a0<\/span><\/p>\n<p><span data-contrast=\"auto\">\u2981<\/span> <span data-contrast=\"auto\">Modelo Aplicaci\u00f3n de astreintes .<\/span><span data-ccp-props=\"{&quot;201341983&quot;:0,&quot;335559739&quot;:160,&quot;335559740&quot;:259}\">\u00a0<\/span><\/p>\n<p><span data-contrast=\"auto\">\u2981<\/span> <span data-contrast=\"auto\">Modelo Convenio de Alimentos entre Partes .<\/span><span data-ccp-props=\"{&quot;201341983&quot;:0,&quot;335559739&quot;:160,&quot;335559740&quot;:259}\">\u00a0<\/span><\/p>\n<p><span data-contrast=\"auto\">\u2981<\/span> <span data-contrast=\"auto\">Modelo de Aporte del progenitor conviviente .<\/span><span data-ccp-props=\"{&quot;201341983&quot;:0,&quot;335559739&quot;:160,&quot;335559740&quot;:259}\">\u00a0<\/span><\/p>\n<p><span data-contrast=\"auto\">\u2981<\/span> <span data-contrast=\"auto\">Modelo de Aumento de cuota Alimentaria.<\/span><span data-ccp-props=\"{&quot;201341983&quot;:0,&quot;335559739&quot;:160,&quot;335559740&quot;:259}\">\u00a0<\/span><\/p>\n<p><span data-contrast=\"auto\">\u2981<\/span> <span data-contrast=\"auto\">Modelo de Demanda de Alimentante que solicita el cese de la cuota.<\/span><span data-ccp-props=\"{&quot;201341983&quot;:0,&quot;335559739&quot;:160,&quot;335559740&quot;:259}\">\u00a0<\/span><\/p>\n<p><span data-contrast=\"auto\">\u2981<\/span> <span data-contrast=\"auto\">Modelo de Demanda de Alimentos con solicitud de Alimentos Provisorios.<\/span><span data-ccp-props=\"{&quot;201341983&quot;:0,&quot;335559739&quot;:160,&quot;335559740&quot;:259}\">\u00a0<\/span><\/p>\n<p><span data-contrast=\"auto\">\u2981<\/span> <span data-contrast=\"auto\">Modelo de Demanda Incidental de Cese de la cuota alimentaria.<\/span><span data-ccp-props=\"{&quot;201341983&quot;:0,&quot;335559739&quot;:160,&quot;335559740&quot;:259}\">\u00a0<\/span><\/p>\n<p><span data-contrast=\"auto\">\u2981<\/span> <span data-contrast=\"auto\">Modelo de demanda por alimentos de Hijo menor de edad .<\/span><span data-ccp-props=\"{&quot;201341983&quot;:0,&quot;335559739&quot;:160,&quot;335559740&quot;:259}\">\u00a0<\/span><\/p>\n<p><span data-contrast=\"auto\">\u2981<\/span> <span data-contrast=\"auto\">Modelo Inicia Demanda de Ejecuci\u00f3n de Alimentos.doc<\/span><span data-ccp-props=\"{&quot;201341983&quot;:0,&quot;335559739&quot;:160,&quot;335559740&quot;:259}\">\u00a0<\/span><\/p>\n<p><span data-contrast=\"auto\">\u2981<\/span> <span data-contrast=\"auto\">Modelo Medida Cautelar de Alimentos Provisorios.<\/span><span data-ccp-props=\"{&quot;201341983&quot;:0,&quot;335559739&quot;:160,&quot;335559740&quot;:259}\">\u00a0<\/span><\/p>\n<p><span data-contrast=\"auto\">\u2981<\/span> <span data-contrast=\"auto\">Modelo para Pedir Audiencia de Alimentos ( Etapa Prejudicial).<\/span><span data-ccp-props=\"{&quot;201341983&quot;:0,&quot;335559739&quot;:160,&quot;335559740&quot;:259}\">\u00a0<\/span><\/p>\n<p>&nbsp;<\/p>\n<p><b style=\"font-style: inherit;\"><span data-contrast=\"auto\">4.- Escritos Proceso de Divorcio.<\/span><\/b><\/p>\n<p><b><span data-contrast=\"auto\">4.1- Alimentos derivados del proceso de divorcio.<\/span><\/b><span data-ccp-props=\"{&quot;201341983&quot;:0,&quot;335559739&quot;:160,&quot;335559740&quot;:259}\">\u00a0<\/span><\/p>\n<p><span data-contrast=\"auto\">\u2981<\/span> <span data-contrast=\"auto\">Alimentos provisionales reclamados en un proceso de divorcio.<\/span><span data-ccp-props=\"{&quot;201341983&quot;:0,&quot;335559739&quot;:160,&quot;335559740&quot;:259}\">\u00a0<\/span><\/p>\n<p><span data-contrast=\"auto\">\u2981<\/span> <span data-contrast=\"auto\">Modelo Alimentos en la separaci\u00f3n de hecho de los c\u00f3nyuges.<\/span><span data-ccp-props=\"{&quot;201341983&quot;:0,&quot;335559739&quot;:160,&quot;335559740&quot;:259}\">\u00a0<\/span><\/p>\n<p><span data-contrast=\"auto\">\u2981<\/span> <span data-contrast=\"auto\">Modelo de Alimentos durante la convivencia matrimonial .<\/span><span data-ccp-props=\"{&quot;201341983&quot;:0,&quot;335559739&quot;:160,&quot;335559740&quot;:259}\">\u00a0<\/span><\/p>\n<p><span data-contrast=\"auto\">\u2981<\/span> <span data-contrast=\"auto\">Modelo de Alimentos posteriores al divorcio en caso de enfermedad preexistente.<\/span><span data-ccp-props=\"{&quot;201341983&quot;:0,&quot;335559739&quot;:160,&quot;335559740&quot;:259}\">\u00a0<\/span><\/p>\n<p><span data-contrast=\"auto\">\u2981<\/span> <span data-contrast=\"auto\">Modelo de Alimentos posteriores al divorcio vincular para el c\u00f3nyuge que no tiene recursos.<\/span><span data-ccp-props=\"{&quot;201341983&quot;:0,&quot;335559739&quot;:160,&quot;335559740&quot;:259}\">\u00a0<\/span><\/p>\n<p><b><span data-contrast=\"auto\">4.2 Compensaci\u00f3n Econ\u00f3mica<\/span><\/b><span data-ccp-props=\"{&quot;201341983&quot;:0,&quot;335559739&quot;:160,&quot;335559740&quot;:259}\">\u00a0<\/span><\/p>\n<p><span data-contrast=\"auto\">\u2981<\/span> <span data-contrast=\"auto\">Compensaciones econ\u00f3micas. fijadas por convenio entre los c\u00a2nyuges (parte pertinente) (modelo ii).<\/span><span data-ccp-props=\"{&quot;201341983&quot;:0,&quot;335559739&quot;:160,&quot;335559740&quot;:259}\">\u00a0<\/span><\/p>\n<p><span data-contrast=\"auto\">\u2981<\/span> <span data-contrast=\"auto\">Compensaciones econ\u00f3micas. fijadas por convenio entre los c\u00f3nyuges I.<\/span><span data-ccp-props=\"{&quot;201341983&quot;:0,&quot;335559739&quot;:160,&quot;335559740&quot;:259}\">\u00a0<\/span><\/p>\n<p><span data-contrast=\"auto\">\u2981<\/span> <span data-contrast=\"auto\">Modelo de Compensaciones econ\u00f3micas. solicitud para que sean fijadas por el juez.<\/span><span data-ccp-props=\"{&quot;201341983&quot;:0,&quot;335559739&quot;:160,&quot;335559740&quot;:259}\">\u00a0<\/span><\/p>\n<p><span data-contrast=\"auto\">\u00a0<\/span><span data-ccp-props=\"{&quot;201341983&quot;:0,&quot;335559739&quot;:160,&quot;335559740&quot;:259}\">\u00a0<\/span><\/p>\n<p><b><span data-contrast=\"auto\">4.3 Demanda de Divorcio (Unilateral\/ Bilateral)<\/span><\/b><span data-ccp-props=\"{&quot;201341983&quot;:0,&quot;335559739&quot;:160,&quot;335559740&quot;:259}\">\u00a0<\/span><\/p>\n<p><span data-contrast=\"auto\">\u2981<\/span> <span data-contrast=\"auto\">Atribucion de la Vivienda Familiar.<\/span><span data-ccp-props=\"{&quot;201341983&quot;:0,&quot;335559739&quot;:160,&quot;335559740&quot;:259}\">\u00a0<\/span><\/p>\n<p><span data-contrast=\"auto\">\u2981<\/span> <span data-contrast=\"auto\">Modelo Adecuaci\u00f3n de Demanda de Divorcio por presentaci\u00f3n Conjunta.<\/span><span data-ccp-props=\"{&quot;201341983&quot;:0,&quot;335559739&quot;:160,&quot;335559740&quot;:259}\">\u00a0<\/span><\/p>\n<p><span data-contrast=\"auto\">\u2981<\/span> <span data-contrast=\"auto\">Modelo de Contestaci\u00f3n de Divorcio.<\/span><span data-ccp-props=\"{&quot;201341983&quot;:0,&quot;335559739&quot;:160,&quot;335559740&quot;:259}\">\u00a0<\/span><\/p>\n<p><span data-contrast=\"auto\">\u2981<\/span> <span data-contrast=\"auto\">Modelo de Demanda de Divorcio con Propuesta.<\/span><span data-ccp-props=\"{&quot;201341983&quot;:0,&quot;335559739&quot;:160,&quot;335559740&quot;:259}\">\u00a0<\/span><\/p>\n<p><span data-contrast=\"auto\">\u2981<\/span> <span data-contrast=\"auto\">Modelo de Demanda por liquidaci\u00f3n de la sociedad conyugal. denuncia bienes<\/span><span data-ccp-props=\"{&quot;201341983&quot;:0,&quot;335559739&quot;:160,&quot;335559740&quot;:259}\">\u00a0<\/span><\/p>\n<p><span data-contrast=\"auto\">\u2981<\/span> <span data-contrast=\"auto\">Modelo de Divorcio por Presentaci\u00f3n Conjunta.<\/span><span data-ccp-props=\"{&quot;201341983&quot;:0,&quot;335559739&quot;:160,&quot;335559740&quot;:259}\">\u00a0<\/span><\/p>\n<p><span data-contrast=\"auto\">\u2981<\/span> <span data-contrast=\"auto\">Modelo de liquidaci\u00f3n de R\u00e9gimen Patrimonial.<\/span><span data-ccp-props=\"{&quot;201341983&quot;:0,&quot;335559739&quot;:160,&quot;335559740&quot;:259}\">\u00a0<\/span><\/p>\n<p><span data-contrast=\"auto\">\u2981<\/span> <span data-contrast=\"auto\">Modelo de liquidaci\u00f3n de Sociedad Conyugal.<\/span><span data-ccp-props=\"{&quot;201341983&quot;:0,&quot;335559739&quot;:160,&quot;335559740&quot;:259}\">\u00a0<\/span><\/p>\n<p><span data-contrast=\"auto\">\u2981<\/span> <span data-contrast=\"auto\">Modelo de Solicitud de Medidas Provisionales.<\/span><span data-ccp-props=\"{&quot;201341983&quot;:0,&quot;335559739&quot;:160,&quot;335559740&quot;:259}\">\u00a0<\/span><\/p>\n<p><span data-contrast=\"auto\">\u2981<\/span> <span data-contrast=\"auto\">Modelo Divorcio Unilateral.<\/span><span data-ccp-props=\"{&quot;201341983&quot;:0,&quot;335559739&quot;:160,&quot;335559740&quot;:259}\">\u00a0<\/span><\/p>\n<p>&nbsp;<\/p>\n<p><b style=\"font-style: inherit;\"><span data-contrast=\"auto\">5.- Escritos Uniones Convivenciales<\/span><\/b><\/p>\n<p><b><span data-contrast=\"auto\">5.1 Escritos compensaci\u00f3n econ\u00f3mica<\/span><\/b><span data-ccp-props=\"{&quot;201341983&quot;:0,&quot;335559739&quot;:160,&quot;335559740&quot;:259}\">\u00a0<\/span><\/p>\n<p><span data-contrast=\"auto\">\u2981<\/span> <span data-contrast=\"auto\">Compensaciones econ\u00f3micas para los concubinos, fijadas por el juez.<\/span><span data-ccp-props=\"{&quot;201341983&quot;:0,&quot;335559739&quot;:160,&quot;335559740&quot;:259}\">\u00a0<\/span><\/p>\n<p><span data-contrast=\"auto\">\u2981<\/span> <span data-contrast=\"auto\">Compensaciones econ\u00f3micas posteriores a la ruptura de la convivencia.<\/span><span data-ccp-props=\"{&quot;201341983&quot;:0,&quot;335559739&quot;:160,&quot;335559740&quot;:259}\">\u00a0<\/span><\/p>\n<p><span data-contrast=\"auto\">\u2981<\/span> <span data-contrast=\"auto\">Inicia demanda por Compensaci\u00f3n Econ\u00f3mica .<\/span><span data-ccp-props=\"{&quot;201341983&quot;:0,&quot;335559739&quot;:160,&quot;335559740&quot;:259}\">\u00a0<\/span><\/p>\n<p><b><span data-contrast=\"auto\">5.2 Modelos Pactos de Convivencia<\/span><\/b><span data-ccp-props=\"{&quot;201341983&quot;:0,&quot;335559739&quot;:160,&quot;335559740&quot;:259}\">\u00a0<\/span><\/p>\n<p><span data-contrast=\"auto\">\u2981<\/span> <span data-contrast=\"auto\">Modelo Pacto de Convivencia<\/span><span data-ccp-props=\"{&quot;201341983&quot;:0,&quot;335559739&quot;:160,&quot;335559740&quot;:259}\">\u00a0<\/span><\/p>\n<p style=\"text-align: center;\"><span data-contrast=\"auto\">\u2981<\/span> <span data-contrast=\"auto\">Modelo Pacto de convivencia.<\/span><\/p>\n<p><strong>\u00bfNo encontr\u00e1s el modelo que est\u00e1s que est\u00e1s buscando? No dudes en escribirnos por WhatsApp o por Correo electr\u00f3nico y con gusto te facilitaremos el modelo que estas procurando.<\/strong><\/p>\n","protected":false},"excerpt":{"rendered":"<p style=\"text-align: center;\"><b>Escritos Proceso de Familia<\/b><\/p>\n<p>Escritos Judiciales que te ayudaran a iniciar y desarrollar un Proceso Ejecutivo. El archivo descargable contiene 12 carpetas con un total de 51 modelos de escritos. Los archivos se encuentran en formato word y son 100% modificables.<\/p>\n<p style=\"text-align: left;\">En caso que no encuentres el archivo que buscas, record\u00e1 que puedes contactarte por WhatsApp o por Correo electr\u00f3nico y con gusto te facilitaremos el modelo que estas procurando.<\/p>\n","protected":false},"featured_media":25537,"comment_status":"open","ping_status":"closed","template":"","meta":{"site-sidebar-layout":"default","site-content-layout":"","ast-site-content-layout":"default","site-content-style":"default","site-sidebar-style":"default","ast-global-header-display":"","ast-banner-title-visibility":"","ast-main-header-display":"","ast-hfb-above-header-display":"","ast-hfb-below-header-display":"","ast-hfb-mobile-header-display":"","site-post-title":"","ast-breadcrumbs-content":"","ast-featured-img":"","footer-sml-layout":"","theme-transparent-header-meta":"default","adv-header-id-meta":"","stick-header-meta":"","header-above-stick-meta":"","header-main-stick-meta":"","header-below-stick-meta":"","astra-migrate-meta-layouts":"set","ast-page-background-enabled":"default","ast-page-background-meta":{"desktop":{"background-color":"","background-image":"","background-repeat":"repeat","background-position":"center center","background-size":"auto","background-attachment":"scroll","background-type":"","background-media":"","overlay-type":"","overlay-color":"","overlay-gradient":""},"tablet":{"background-color":"","background-image":"","background-repeat":"repeat","background-position":"center center","background-size":"auto","background-attachment":"scroll","background-type":"","background-media":"","overlay-type":"","overlay-color":"","overlay-gradient":""},"mobile":{"background-color":"","background-image":"","background-repeat":"repeat","background-position":"center center","background-size":"auto","background-attachment":"scroll","background-type":"","background-media":"","overlay-type":"","overlay-color":"","overlay-gradient":""}},"ast-content-background-meta":{"desktop":{"background-color":"var(--ast-global-color-5)","background-image":"","background-repeat":"repeat","background-position":"center center","background-size":"auto","background-attachment":"scroll","background-type":"","background-media":"","overlay-type":"","overlay-color":"","overlay-gradient":""},"tablet":{"background-color":"var(--ast-global-color-5)","background-image":"","background-repeat":"repeat","background-position":"center center","background-size":"auto","background-attachment":"scroll","background-type":"","background-media":"","overlay-type":"","overlay-color":"","overlay-gradient":""},"mobile":{"background-color":"var(--ast-global-color-5)","background-image":"","background-repeat":"repeat","background-position":"center center","background-size":"auto","background-attachment":"scroll","background-type":"","background-media":"","overlay-type":"","overlay-color":"","overlay-gradient":""}}},"product_cat":[28],"product_tag":[],"_links":{"self":[{"href":"https:\/\/cecapro-alberdi.com\/index.php\/wp-json\/wp\/v2\/product\/25526"}],"collection":[{"href":"https:\/\/cecapro-alberdi.com\/index.php\/wp-json\/wp\/v2\/product"}],"about":[{"href":"https:\/\/cecapro-alberdi.com\/index.php\/wp-json\/wp\/v2\/types\/product"}],"replies":[{"embeddable":true,"href":"https:\/\/cecapro-alberdi.com\/index.php\/wp-json\/wp\/v2\/comments?post=25526"}],"wp:featuredmedia":[{"embeddable":true,"href":"https:\/\/cecapro-alberdi.com\/index.php\/wp-json\/wp\/v2\/media\/25537"}],"wp:attachment":[{"href":"https:\/\/cecapro-alberdi.com\/index.php\/wp-json\/wp\/v2\/media?parent=25526"}],"wp:term":[{"taxonomy":"product_cat","embeddable":true,"href":"https:\/\/cecapro-alberdi.com\/index.php\/wp-json\/wp\/v2\/product_cat?post=25526"},{"taxonomy":"product_tag","embeddable":true,"href":"https:\/\/cecapro-alberdi.com\/index.php\/wp-json\/wp\/v2\/product_tag?post=25526"}],"curies":[{"name":"wp","href":"https:\/\/api.w.org\/{rel}","templated":true}]}}