{"id":25519,"date":"2023-09-21T15:04:12","date_gmt":"2023-09-21T18:04:12","guid":{"rendered":"https:\/\/cecapro-alberdi.com\/?post_type=product&#038;p=25519"},"modified":"2025-05-28T16:11:02","modified_gmt":"2025-05-28T19:11:02","slug":"escritos-proceso-ejecutivo","status":"publish","type":"product","link":"https:\/\/cecapro-alberdi.com\/index.php\/producto\/escritos-proceso-ejecutivo\/","title":{"rendered":"Escritos Proceso Ejecutivo"},"content":{"rendered":"<p style=\"text-align: center;\"><b>Escritos Proceso Ejecutivo<\/b><\/p>\n<p>Escritos Judiciales que te ayudaran a iniciar y desarrollar un Proceso Ejecutivo. El archivo descargable incluye 9 archivos. Los archivos se encuentran en formato word y son 100% modificables.<\/p>\n<p style=\"text-align: left;\">A continuaci\u00f3n detallamos los modelos de contratos que contiene el archivo descargable (En caso que no encuentres el archivo que buscas, record\u00e1 que puedes contactarte por WhatsApp o por Correo electr\u00f3nico y con gusto te facilitaremos el modelo que estas procurando)<\/p>\n<p><b>Escritos Proceso Ejecutivo<\/b><\/p>\n<ul>\n<li>Solicita sustituci\u00f3n de Embargo. Ofrece bienes.<\/li>\n<li>Solicita Inhibici\u00f3n General de bienes.<\/li>\n<li>Prepara v\u00eda Ejecutiva<\/li>\n<li>Planilla Modelo<\/li>\n<li>Inicia Judicia Ejecutivo<\/li>\n<li>Inicia Incidente de Nulidad de Ejecuci\u00f3n<\/li>\n<li>Excepci\u00f3n de Falsedad de T\u00edtulo<\/li>\n<li>Demanda Ejecutiva<\/li>\n<li>Contesta demanda. Opone Excepci\u00f3n de Defecto Legal<\/li>\n<\/ul>\n<p style=\"text-align: center;\"><strong>\u00bfNo encontr\u00e1s el modelo que est\u00e1s que est\u00e1s buscando? No dudes en escribirnos por WhatsApp o por Correo electr\u00f3nico y con gusto te facilitaremos el modelo que estas procurando.<\/strong><\/p>\n","protected":false},"excerpt":{"rendered":"<p style=\"text-align: center;\"><b>Escritos Proceso Ejecutivo<\/b><\/p>\n<p>Escritos Judiciales que te ayudaran a iniciar y desarrollar un Proceso Ejecutivo. El archivo descargable incluye 9 archivos. Los archivos se encuentran en formato word y son 100% modificables.<\/p>\n<p style=\"text-align: left;\">En caso que no encuentres el archivo que buscas, record\u00e1 que puedes contactarte por WhatsApp o por Correo electr\u00f3nico y con gusto te facilitaremos el modelo que estas procurando<\/p>\n","protected":false},"featured_media":25530,"comment_status":"open","ping_status":"closed","template":"","meta":{"site-sidebar-layout":"default","site-content-layout":"","ast-site-content-layout":"default","site-content-style":"default","site-sidebar-style":"default","ast-global-header-display":"","ast-banner-title-visibility":"","ast-main-header-display":"","ast-hfb-above-header-display":"","ast-hfb-below-header-display":"","ast-hfb-mobile-header-display":"","site-post-title":"","ast-breadcrumbs-content":"","ast-featured-img":"","footer-sml-layout":"","theme-transparent-header-meta":"default","adv-header-id-meta":"","stick-header-meta":"","header-above-stick-meta":"","header-main-stick-meta":"","header-below-stick-meta":"","astra-migrate-meta-layouts":"set","ast-page-background-enabled":"default","ast-page-background-meta":{"desktop":{"background-color":"","background-image":"","background-repeat":"repeat","background-position":"center center","background-size":"auto","background-attachment":"scroll","background-type":"","background-media":"","overlay-type":"","overlay-color":"","overlay-gradient":""},"tablet":{"background-color":"","background-image":"","background-repeat":"repeat","background-position":"center center","background-size":"auto","background-attachment":"scroll","background-type":"","background-media":"","overlay-type":"","overlay-color":"","overlay-gradient":""},"mobile":{"background-color":"","background-image":"","background-repeat":"repeat","background-position":"center center","background-size":"auto","background-attachment":"scroll","background-type":"","background-media":"","overlay-type":"","overlay-color":"","overlay-gradient":""}},"ast-content-background-meta":{"desktop":{"background-color":"var(--ast-global-color-5)","background-image":"","background-repeat":"repeat","background-position":"center center","background-size":"auto","background-attachment":"scroll","background-type":"","background-media":"","overlay-type":"","overlay-color":"","overlay-gradient":""},"tablet":{"background-color":"var(--ast-global-color-5)","background-image":"","background-repeat":"repeat","background-position":"center center","background-size":"auto","background-attachment":"scroll","background-type":"","background-media":"","overlay-type":"","overlay-color":"","overlay-gradient":""},"mobile":{"background-color":"var(--ast-global-color-5)","background-image":"","background-repeat":"repeat","background-position":"center center","background-size":"auto","background-attachment":"scroll","background-type":"","background-media":"","overlay-type":"","overlay-color":"","overlay-gradient":""}}},"product_cat":[28],"product_tag":[],"_links":{"self":[{"href":"https:\/\/cecapro-alberdi.com\/index.php\/wp-json\/wp\/v2\/product\/25519"}],"collection":[{"href":"https:\/\/cecapro-alberdi.com\/index.php\/wp-json\/wp\/v2\/product"}],"about":[{"href":"https:\/\/cecapro-alberdi.com\/index.php\/wp-json\/wp\/v2\/types\/product"}],"replies":[{"embeddable":true,"href":"https:\/\/cecapro-alberdi.com\/index.php\/wp-json\/wp\/v2\/comments?post=25519"}],"wp:featuredmedia":[{"embeddable":true,"href":"https:\/\/cecapro-alberdi.com\/index.php\/wp-json\/wp\/v2\/media\/25530"}],"wp:attachment":[{"href":"https:\/\/cecapro-alberdi.com\/index.php\/wp-json\/wp\/v2\/media?parent=25519"}],"wp:term":[{"taxonomy":"product_cat","embeddable":true,"href":"https:\/\/cecapro-alberdi.com\/index.php\/wp-json\/wp\/v2\/product_cat?post=25519"},{"taxonomy":"product_tag","embeddable":true,"href":"https:\/\/cecapro-alberdi.com\/index.php\/wp-json\/wp\/v2\/product_tag?post=25519"}],"curies":[{"name":"wp","href":"https:\/\/api.w.org\/{rel}","templated":true}]}}