{"id":25517,"date":"2023-09-21T14:58:55","date_gmt":"2023-09-21T17:58:55","guid":{"rendered":"https:\/\/cecapro-alberdi.com\/?post_type=product&#038;p=25517"},"modified":"2025-05-28T16:11:12","modified_gmt":"2025-05-28T19:11:12","slug":"escritos-procesos-constitucionales","status":"publish","type":"product","link":"https:\/\/cecapro-alberdi.com\/index.php\/producto\/escritos-procesos-constitucionales\/","title":{"rendered":"Escritos Procesos constitucionales"},"content":{"rendered":"<p style=\"text-align: center;\"><b>Escritos Procesos Constitucionales<\/b><\/p>\n<p>Escritos Judiciales que te ayudaran a iniciar un Proceso Constitucional. El archivo descargable incluye 6 archivos. Los archivos se encuentran en formato word y son 100% modificables.<\/p>\n<p style=\"text-align: left;\">A continuaci\u00f3n detallamos los modelos de contratos que contiene el archivo descargable (En caso que no encuentres el archivo que buscas, record\u00e1 que puedes contactarte por WhatsApp o por Correo electr\u00f3nico y con gusto te facilitaremos el modelo que estas procurando)<\/p>\n<p><strong>Escritos Constitucionales<\/strong><\/p>\n<ul>\n<li>Promueve Habeas Data<\/li>\n<li>Promueve Amparo. Medida Cautelar de No Innovar.<\/li>\n<li>Promueve Acci\u00f3n de Amaro<\/li>\n<li>Promueve Acci\u00f3n de Amaro de Salud<\/li>\n<li>Promueve Acci\u00f3n de Amparo de Salud I<\/li>\n<li>Contesta Traslado<\/li>\n<\/ul>\n<p style=\"text-align: center;\"><strong>\u00bfNo encontr\u00e1s el modelo que est\u00e1s que est\u00e1s buscando? No dudes en escribirnos por WhatsApp o por Correo electr\u00f3nico y con gusto te facilitaremos el modelo que estas procurando.<\/strong><\/p>\n","protected":false},"excerpt":{"rendered":"<p style=\"text-align: center;\"><b>Escritos Procesos Constitucionales<\/b><\/p>\n<p>Escritos Judiciales que te ayudaran a iniciar un Proceso Constitucional (Habeas Data y Amparo). El archivo descargable incluye 6 archivos. Los archivos se encuentran en formato word y son 100% modificables.<\/p>\n<p style=\"text-align: left;\">En caso que no encuentres el archivo que buscas, record\u00e1 que puedes contactarte por WhatsApp o por Correo electr\u00f3nico y con gusto te facilitaremos el modelo que estas procurando.<\/p>\n","protected":false},"featured_media":25531,"comment_status":"open","ping_status":"closed","template":"","meta":{"site-sidebar-layout":"default","site-content-layout":"","ast-site-content-layout":"default","site-content-style":"default","site-sidebar-style":"default","ast-global-header-display":"","ast-banner-title-visibility":"","ast-main-header-display":"","ast-hfb-above-header-display":"","ast-hfb-below-header-display":"","ast-hfb-mobile-header-display":"","site-post-title":"","ast-breadcrumbs-content":"","ast-featured-img":"","footer-sml-layout":"","theme-transparent-header-meta":"default","adv-header-id-meta":"","stick-header-meta":"","header-above-stick-meta":"","header-main-stick-meta":"","header-below-stick-meta":"","astra-migrate-meta-layouts":"set","ast-page-background-enabled":"default","ast-page-background-meta":{"desktop":{"background-color":"","background-image":"","background-repeat":"repeat","background-position":"center center","background-size":"auto","background-attachment":"scroll","background-type":"","background-media":"","overlay-type":"","overlay-color":"","overlay-gradient":""},"tablet":{"background-color":"","background-image":"","background-repeat":"repeat","background-position":"center center","background-size":"auto","background-attachment":"scroll","background-type":"","background-media":"","overlay-type":"","overlay-color":"","overlay-gradient":""},"mobile":{"background-color":"","background-image":"","background-repeat":"repeat","background-position":"center center","background-size":"auto","background-attachment":"scroll","background-type":"","background-media":"","overlay-type":"","overlay-color":"","overlay-gradient":""}},"ast-content-background-meta":{"desktop":{"background-color":"var(--ast-global-color-5)","background-image":"","background-repeat":"repeat","background-position":"center center","background-size":"auto","background-attachment":"scroll","background-type":"","background-media":"","overlay-type":"","overlay-color":"","overlay-gradient":""},"tablet":{"background-color":"var(--ast-global-color-5)","background-image":"","background-repeat":"repeat","background-position":"center center","background-size":"auto","background-attachment":"scroll","background-type":"","background-media":"","overlay-type":"","overlay-color":"","overlay-gradient":""},"mobile":{"background-color":"var(--ast-global-color-5)","background-image":"","background-repeat":"repeat","background-position":"center center","background-size":"auto","background-attachment":"scroll","background-type":"","background-media":"","overlay-type":"","overlay-color":"","overlay-gradient":""}}},"product_cat":[28],"product_tag":[],"_links":{"self":[{"href":"https:\/\/cecapro-alberdi.com\/index.php\/wp-json\/wp\/v2\/product\/25517"}],"collection":[{"href":"https:\/\/cecapro-alberdi.com\/index.php\/wp-json\/wp\/v2\/product"}],"about":[{"href":"https:\/\/cecapro-alberdi.com\/index.php\/wp-json\/wp\/v2\/types\/product"}],"replies":[{"embeddable":true,"href":"https:\/\/cecapro-alberdi.com\/index.php\/wp-json\/wp\/v2\/comments?post=25517"}],"wp:featuredmedia":[{"embeddable":true,"href":"https:\/\/cecapro-alberdi.com\/index.php\/wp-json\/wp\/v2\/media\/25531"}],"wp:attachment":[{"href":"https:\/\/cecapro-alberdi.com\/index.php\/wp-json\/wp\/v2\/media?parent=25517"}],"wp:term":[{"taxonomy":"product_cat","embeddable":true,"href":"https:\/\/cecapro-alberdi.com\/index.php\/wp-json\/wp\/v2\/product_cat?post=25517"},{"taxonomy":"product_tag","embeddable":true,"href":"https:\/\/cecapro-alberdi.com\/index.php\/wp-json\/wp\/v2\/product_tag?post=25517"}],"curies":[{"name":"wp","href":"https:\/\/api.w.org\/{rel}","templated":true}]}}